{"id":130,"date":"2025-03-11T18:38:38","date_gmt":"2025-03-11T18:38:38","guid":{"rendered":"https:\/\/baggerundbaum-peter.de\/?page_id=130"},"modified":"2025-03-11T19:08:19","modified_gmt":"2025-03-11T19:08:19","slug":"datenschutzerklaerung-von-baggerarbeiten-und-baumfaellungen-florian-peter","status":"publish","type":"page","link":"https:\/\/baggerundbaum-peter.de\/?page_id=130","title":{"rendered":"DATENSCHUTZERKL\u00c4RUNG VON BAGGERARBEITEN UND BAUMF\u00c4LLUNGEN FLORIAN PETER"},"content":{"rendered":"\n<p>Datenschutzerkl\u00e4rung<\/p>\n\n\n\n<p>Allgemeiner Hinweis und Pflichtinformationen<\/p>\n\n\n\n<p>Benennung der verantwortlichen Stelle<\/p>\n\n\n\n<p>Die verantwortliche Stelle f\u00fcr die Datenverarbeitung auf dieser Website ist:<\/p>\n\n\n\n<p>Baggerarbeiten und Baumf\u00e4llungen<\/p>\n\n\n\n<p>Florian Peter<\/p>\n\n\n\n<p>Im Schwalmgrund 20<\/p>\n\n\n\n<p>36318 Schwalmtal<\/p>\n\n\n\n<p>Die verantwortliche Stelle entscheidet allein oder gemeinsam mit anderen \u00fcber die Zwecke und Mittel der Verarbeitung von personenbezogenen Daten (z.B. Namen, Kontaktdaten o. \u00c4.).<\/p>\n\n\n\n<p>Widerruf Ihrer Einwilligung zur Datenverarbeitung<\/p>\n\n\n\n<p>Nur mit Ihrer ausdr\u00fccklichen Einwilligung sind einige Vorg\u00e4nge der Datenverarbeitung m\u00f6glich. Ein Widerruf Ihrer bereits erteilten Einwilligung ist jederzeit m\u00f6glich. F\u00fcr den Widerruf gen\u00fcgt eine formlose Mitteilung per E-Mail. Die Rechtm\u00e4\u00dfigkeit der bis zum Widerruf erfolgten Datenverarbeitung bleibt vom Widerruf unber\u00fchrt.<\/p>\n\n\n\n<p>Recht auf Beschwerde bei der zust\u00e4ndigen Aufsichtsbeh\u00f6rde<\/p>\n\n\n\n<p>Als Betroffener steht Ihnen im Falle eines datenschutzrechtlichen Versto\u00dfes ein Beschwerderecht bei der zust\u00e4ndigen Aufsichtsbeh\u00f6rde zu. Zust\u00e4ndige Aufsichtsbeh\u00f6rde bez\u00fcglich datenschutzrechtlicher Fragen ist der Landesdatenschutzbeauftragte des Bundeslandes, in dem sich der Sitz unseres Unternehmens befindet. Der folgende Link stellt eine Liste der Datenschutzbeauftragten sowie deren Kontaktdaten bereit:&nbsp;<a href=\"https:\/\/www.bfdi.bund.de\/DE\/Infothek\/Anschriften_Links\/anschriften_links-node.html\" target=\"_blank\" rel=\"noreferrer noopener\">https:\/\/www.bfdi.bund.de\/DE\/Infothek\/Anschriften_Links\/anschriften_links-node.html<\/a>.<\/p>\n\n\n\n<p>Recht auf Daten\u00fcbertragbarkeit<\/p>\n\n\n\n<p>Ihnen steht das Recht zu, Daten, die wir auf Grundlage Ihrer Einwilligung oder in Erf\u00fcllung eines Vertrags automatisiert verarbeiten, an sich oder an Dritte aush\u00e4ndigen zu lassen. Die Bereitstellung erfolgt in einem maschinenlesbaren Format. Sofern Sie die direkte \u00dcbertragung der Daten an einen anderen Verantwortlichen verlangen, erfolgt dies nur, soweit es technisch machbar ist.<\/p>\n\n\n\n<p>Recht auf Auskunft, Berichtigung, Sperrung, L\u00f6schung<\/p>\n\n\n\n<p>Sie haben jederzeit im Rahmen der geltenden gesetzlichen Bestimmungen das Recht auf unentgeltliche Auskunft \u00fcber Ihre gespeicherten personenbezogenen Daten, Herkunft der Daten, deren Empf\u00e4nger und den Zweck der Datenverarbeitung und ggf. ein Recht auf Berichtigung, Sperrung oder L\u00f6schung dieser Daten. Diesbez\u00fcglich und auch zu weiteren Fragen zum Thema personenbezogene Daten k\u00f6nnen Sie sich jederzeit \u00fcber die im Impressum aufgef\u00fchrten Kontaktm\u00f6glichkeiten an uns wenden.<\/p>\n\n\n\n<p>SSL- bzw. TLS-Verschl\u00fcsselung<\/p>\n\n\n\n<p>Aus Sicherheitsgr\u00fcnden und zum Schutz der \u00dcbertragung vertraulicher Inhalte, die Sie an uns als Seitenbetreiber senden, nutzt unsere Website eine SSL-bzw. TLS-Verschl\u00fcsselung. Damit sind Daten, die Sie \u00fcber diese Website \u00fcbermitteln, f\u00fcr Dritte nicht mitlesbar. Sie erkennen eine verschl\u00fcsselte Verbindung an der \u201ehttps:\/\/\u201c Adresszeile Ihres Browsers und am Schloss-Symbol in der Browserzeile.<\/p>\n\n\n\n<p>Server-Log-Dateien<\/p>\n\n\n\n<p>In Server-Log-Dateien erhebt und speichert der Provider der Website automatisch Informationen, die Ihr Browser automatisch an uns \u00fcbermittelt. Dies sind:<\/p>\n\n\n\n<ul class=\"wp-block-list\">\n<li>Besuchte Seite auf unserer Domain<\/li>\n\n\n\n<li>Datum und Uhrzeit der Serveranfrage<\/li>\n\n\n\n<li>Browsertyp und Browserversion<\/li>\n\n\n\n<li>Verwendetes Betriebssystem<\/li>\n\n\n\n<li>Referrer URL<\/li>\n\n\n\n<li>Hostname des zugreifenden Rechners<\/li>\n\n\n\n<li>IP-Adresse<\/li>\n<\/ul>\n\n\n\n<p>Es findet keine Zusammenf\u00fchrung dieser Daten mit anderen Datenquellen statt. Grundlage der Datenverarbeitung bildet Art. 6 Abs. 1 lit. b DSGVO, der die Verarbeitung von Daten zur Erf\u00fcllung eines Vertrags oder vorvertraglicher Ma\u00dfnahmen gestattet.<\/p>\n\n\n\n<p>Kontaktformular<\/p>\n\n\n\n<p>Per Kontaktformular \u00fcbermittelte Daten werden einschlie\u00dflich Ihrer Kontaktdaten gespeichert, um Ihre Anfrage bearbeiten zu k\u00f6nnen oder um f\u00fcr Anschlussfragen bereitzustehen. Eine Weitergabe dieser Daten findet ohne Ihre Einwilligung nicht statt.<\/p>\n\n\n\n<p>Die Verarbeitung der in das Kontaktformular eingegebenen Daten erfolgt ausschlie\u00dflich auf Grundlage Ihrer Einwilligung (Art. 6 Abs. 1 lit. a DSGVO). Ein Widerruf Ihrer bereits erteilten Einwilligung ist jederzeit m\u00f6glich. F\u00fcr den Widerruf gen\u00fcgt eine formlose Mitteilung per E-Mail. Die Rechtm\u00e4\u00dfigkeit der bis zum Widerruf erfolgten Datenverarbeitungsvorg\u00e4nge bleibt vom Widerruf unber\u00fchrt.<\/p>\n\n\n\n<p>\u00dcber das Kontaktformular \u00fcbermittelte Daten verbleiben bei uns, bis Sie uns zur L\u00f6schung auffordern, Ihre Einwilligung zur Speicherung widerrufen oder keine Notwendigkeit der Datenspeicherung mehr besteht. Zwingende gesetzliche Bestimmungen &#8211; insbesondere Aufbewahrungsfristen &#8211; bleiben unber\u00fchrt.<\/p>\n\n\n\n<p>Cookies<\/p>\n\n\n\n<p>Unsere Website verwendet Cookies. Das sind kleine Textdateien, die Ihr Webbrowser auf Ihrem Endger\u00e4t speichert. Cookies helfen uns dabei, unser Angebot nutzerfreundlicher, effektiver und sicherer zu machen.<\/p>\n\n\n\n<p>Einige Cookies sind \u201cSession-Cookies.\u201d Solche Cookies werden nach Ende Ihrer Browser-Sitzung von selbst gel\u00f6scht. Hingegen bleiben andere Cookies auf Ihrem Endger\u00e4t bestehen, bis Sie diese selbst l\u00f6schen. Solche Cookies helfen uns, Sie bei R\u00fcckkehr auf unserer Website wiederzuerkennen.<\/p>\n\n\n\n<p>Mit einem modernen Webbrowser k\u00f6nnen Sie das Setzen von Cookies \u00fcberwachen, einschr\u00e4nken oder unterbinden. Viele Webbrowser lassen sich so konfigurieren, dass Cookies mit dem Schlie\u00dfen des Programms von selbst gel\u00f6scht werden. Die Deaktivierung von Cookies kann eine eingeschr\u00e4nkte Funktionalit\u00e4t unserer Website zur Folge haben.<\/p>\n\n\n\n<p>Das Setzen von Cookies, die zur Aus\u00fcbung elektronischer Kommunikationsvorg\u00e4nge oder der Bereitstellung bestimmter, von Ihnen erw\u00fcnschter Funktionen (z.B. Warenkorb) notwendig sind, erfolgt auf Grundlage von Art. 6 Abs. 1 lit. f DSGVO. Als Betreiber dieser Website haben wir ein berechtigtes Interesse an der Speicherung von Cookies zur technisch fehlerfreien und reibungslosen Bereitstellung unserer Dienste. Sofern die Setzung anderer Cookies (z.B. f\u00fcr Analyse-Funktionen) erfolgt, werden diese in dieser Datenschutzerkl\u00e4rung separat behandelt.<\/p>\n\n\n\n<p>Google Analytics<\/p>\n\n\n\n<p>Unsere Website verwendet Funktionen des Webanalysedienstes Google Analytics. Anbieter des Webanalysedienstes ist die Google Inc., 1600 Amphitheatre Parkway, Mountain View, CA 94043, USA.<\/p>\n\n\n\n<p>Google Analytics verwendet &#8222;Cookies.&#8220; Das sind kleine Textdateien, die Ihr Webbrowser auf Ihrem Endger\u00e4t speichert und eine Analyse der Website-Benutzung erm\u00f6glichen. Mittels Cookie erzeugte Informationen \u00fcber Ihre Benutzung unserer Website werden an einen Server von Google \u00fcbermittelt und dort gespeichert. Server-Standort ist im Regelfall die USA.<\/p>\n\n\n\n<p>Das Setzen von Google-Analytics-Cookies erfolgt auf Grundlage von Art. 6 Abs. 1 lit. f DSGVO. Als Betreiber dieser Website haben wir &nbsp;ein berechtigtes Interesse an der Analyse des Nutzerverhaltens, um unser Webangebot und ggf. auch Werbung zu optimieren.<\/p>\n\n\n\n<p>IP-Anonymisierung<\/p>\n\n\n\n<p>Wir setzen Google Analytics in Verbindung mit der Funktion IP-Anonymisierung ein. Sie gew\u00e4hrleistet, dass Google Ihre IP-Adresse innerhalb von Mitgliedstaaten der Europ\u00e4ischen Union oder in anderen Vertragsstaaten des Abkommens \u00fcber den Europ\u00e4ischen Wirtschaftsraum vor der \u00dcbermittlung in die USA k\u00fcrzt. Es kann Ausnahmef\u00e4lle geben, in denen Google die volle IP-Adresse an einen Server in den USA \u00fcbertr\u00e4gt und dort k\u00fcrzt. In unserem Auftrag wird Google diese Informationen benutzen, um Ihre Nutzung der Website auszuwerten, um Reports \u00fcber Websiteaktivit\u00e4ten zu erstellen und um weitere mit der Websitenutzung und der Internetnutzung verbundene Dienstleistungen gegen\u00fcber uns zu erbringen. Es findet keine Zusammenf\u00fchrung der von Google Analytics \u00fcbermittelten IP-Adresse mit anderen Daten von Google statt.<\/p>\n\n\n\n<p>Browser Plugin<\/p>\n\n\n\n<p>Das Setzen von Cookies durch Ihren Webbrowser ist verhinderbar. Einige Funktionen unserer Website k\u00f6nnten dadurch jedoch eingeschr\u00e4nkt werden. Ebenso k\u00f6nnen Sie die Erfassung von Daten bez\u00fcglich Ihrer Website-Nutzung einschlie\u00dflich Ihrer IP-Adresse mitsamt anschlie\u00dfender Verarbeitung durch Google unterbinden. Dies ist m\u00f6glich, indem Sie das \u00fcber folgenden Link erreichbare Browser-Plugin herunterladen und installieren:&nbsp;<a href=\"https:\/\/tools.google.com\/dlpage\/gaoptout?hl=de\" target=\"_blank\" rel=\"noreferrer noopener\">https:\/\/tools.google.com\/dlpage\/gaoptout?hl=de<\/a>.<\/p>\n\n\n\n<p>Widerspruch gegen die Datenerfassung<\/p>\n\n\n\n<p>Sie k\u00f6nnen die Erfassung Ihrer Daten durch Google Analytics verhindern, indem Sie auf folgenden Link klicken. Es wird ein Opt-Out-Cookie gesetzt, der die Erfassung Ihrer Daten bei zuk\u00fcnftigen Besuchen unserer Website verhindert: Google Analytics deaktivieren.<\/p>\n\n\n\n<p>Einzelheiten zum Umgang mit Nutzerdaten bei Google Analytics finden Sie in der Datenschutzerkl\u00e4rung von Google:&nbsp;<a href=\"https:\/\/support.google.com\/analytics\/answer\/6004245?hl=de\" target=\"_blank\" rel=\"noreferrer noopener\">https:\/\/support.google.com\/analytics\/answer\/6004245?hl=de<\/a>.<\/p>\n\n\n\n<p>Auftragsverarbeitung<\/p>\n\n\n\n<p>Zur vollst\u00e4ndigen Erf\u00fcllung der gesetzlichen Datenschutzvorgaben haben wir mit Google einen Vertrag \u00fcber die Auftragsverarbeitung abgeschlossen.<\/p>\n\n\n\n<p>Demografische Merkmale bei Google Analytics<\/p>\n\n\n\n<p>Unsere Website verwendet die Funktion \u201cdemografische Merkmale\u201d von Google Analytics. Mit ihr lassen sich Berichte erstellen, die Aussagen zu Alter, Geschlecht und Interessen der Seitenbesucher enthalten. Diese Daten stammen aus interessenbezogener Werbung von Google sowie aus Besucherdaten von Drittanbietern. Eine Zuordnung der Daten zu einer bestimmten Person ist nicht m\u00f6glich. Sie k\u00f6nnen diese Funktion jederzeit deaktivieren. Dies ist \u00fcber die Anzeigeneinstellungen in Ihrem Google-Konto m\u00f6glich oder indem Sie die Erfassung Ihrer Daten durch Google Analytics, wie im Punkt \u201cWiderspruch gegen die Datenerfassung\u201d erl\u00e4utert, generell untersagen.<\/p>\n\n\n\n<p>Google AdSense<\/p>\n\n\n\n<p>Unsere Website verwendet Google AdSense. Anbieter ist die Google Inc., 1600 Amphitheatre Parkway, Mountain View, CA 94043, USA.<\/p>\n\n\n\n<p>Google AdSense dient der Einbindung von Werbeanzeigen und setzt Cookies. Cookies sind kleine Textdateien, die Ihr Webbrowser auf Ihrem Endger\u00e4t speichert, um die Nutzung der Website analysieren. Google AdSense setzt au\u00dferdem Web Beacons ein. Web Beacons sind unsichtbare Grafiken, die eine Analyse des Besucherverkehrs auf unserer Wesite erm\u00f6glichen.<\/p>\n\n\n\n<p>Durch Cookies und Web Beacons erzeugten Informationen werden an Server von Google \u00fcbertragen und dort gespeichert. Serverstandort sind die USA. Google kann diese Informationen an Vertragspartner weiterreichen. Ihre IP-Adresse wird Google jedoch nicht mit anderen von Ihnen gespeicherten Daten zusammenf\u00fchren.<\/p>\n\n\n\n<p>Die Speicherung von AdSense-Cookies erfolgt auf Grundlage von Art. 6 Abs. 1 lit. f DSGVO. Wir als Websitebetreiber haben ein berechtigtes Interesse an der Analyse des Nutzerverhaltens, um unser Webangebot und unsere Werbung zu optimieren.<\/p>\n\n\n\n<p>Mit einem modernen Webbrowser k\u00f6nnen Sie das Setzen von Cookies \u00fcberwachen, einschr\u00e4nken und unterbinden. Die Deaktivierung von Cookies kann eine eingeschr\u00e4nkte Funktionalit\u00e4t unserer Website zur Folge haben. Durch die Nutzung unserer Website erkl\u00e4ren Sie sich mit der Bearbeitung der \u00fcber Sie erhobenen Daten durch Google in der zuvor beschriebenen Art und Weise sowie dem zuvor benannten Zweck einverstanden.<\/p>\n\n\n\n<p>Quelle: Datenschutz-Konfigurator von&nbsp;<a href=\"http:\/\/www.mein-datenschutzbeauftragter.de\/\" target=\"_blank\" rel=\"noreferrer noopener\">mein-datenschutzbeauftragter.de<\/a><\/p>\n\n\n\n<p><\/p>\n","protected":false},"excerpt":{"rendered":"<p>Datenschutzerkl\u00e4rung Allgemeiner Hinweis und Pflichtinformationen Benennung der verantwortlichen Stelle Die verantwortliche Stelle f\u00fcr die Datenverarbeitung auf dieser Website ist: Baggerarbeiten und Baumf\u00e4llungen Florian Peter Im Schwalmgrund 20 36318 Schwalmtal Die verantwortliche Stelle entscheidet allein oder gemeinsam mit anderen \u00fcber die Zwecke und Mittel der Verarbeitung von personenbezogenen Daten (z.B. Namen, Kontaktdaten o. \u00c4.). Widerruf Ihrer [&hellip;]<\/p>\n","protected":false},"author":1,"featured_media":0,"parent":0,"menu_order":0,"comment_status":"closed","ping_status":"closed","template":"","meta":{"postBodyCss":"","postBodyMargin":[],"postBodyPadding":[],"postBodyBackground":{"backgroundType":"classic","gradient":""},"ngg_post_thumbnail":0,"footnotes":""},"class_list":["post-130","page","type-page","status-publish","hentry"],"_links":{"self":[{"href":"https:\/\/baggerundbaum-peter.de\/index.php?rest_route=\/wp\/v2\/pages\/130","targetHints":{"allow":["GET"]}}],"collection":[{"href":"https:\/\/baggerundbaum-peter.de\/index.php?rest_route=\/wp\/v2\/pages"}],"about":[{"href":"https:\/\/baggerundbaum-peter.de\/index.php?rest_route=\/wp\/v2\/types\/page"}],"author":[{"embeddable":true,"href":"https:\/\/baggerundbaum-peter.de\/index.php?rest_route=\/wp\/v2\/users\/1"}],"replies":[{"embeddable":true,"href":"https:\/\/baggerundbaum-peter.de\/index.php?rest_route=%2Fwp%2Fv2%2Fcomments&post=130"}],"version-history":[{"count":1,"href":"https:\/\/baggerundbaum-peter.de\/index.php?rest_route=\/wp\/v2\/pages\/130\/revisions"}],"predecessor-version":[{"id":132,"href":"https:\/\/baggerundbaum-peter.de\/index.php?rest_route=\/wp\/v2\/pages\/130\/revisions\/132"}],"wp:attachment":[{"href":"https:\/\/baggerundbaum-peter.de\/index.php?rest_route=%2Fwp%2Fv2%2Fmedia&parent=130"}],"curies":[{"name":"wp","href":"https:\/\/api.w.org\/{rel}","templated":true}]}}